{"id":163,"date":"2023-03-21T09:43:01","date_gmt":"2023-03-21T12:43:01","guid":{"rendered":"https:\/\/concepthouse.com.br\/?page_id=163"},"modified":"2023-04-24T10:08:35","modified_gmt":"2023-04-24T13:08:35","slug":"blog","status":"publish","type":"page","link":"https:\/\/concepthouse.com.br\/en\/blog\/","title":{"rendered":"Blog"},"content":{"rendered":"\t\t<div data-elementor-type=\"wp-page\" data-elementor-id=\"163\" class=\"elementor elementor-163\" data-elementor-post-type=\"page\">\n\t\t\t\t\t\t\t\t\t<section class=\"elementor-section elementor-top-section elementor-element elementor-element-c57f13f elementor-section-content-middle elementor-section-boxed elementor-section-height-default elementor-section-height-default\" data-id=\"c57f13f\" data-element_type=\"section\">\n\t\t\t\t\t\t<div class=\"elementor-container elementor-column-gap-default\">\n\t\t\t\t\t<div class=\"elementor-column elementor-col-100 elementor-top-column elementor-element elementor-element-2255fed\" data-id=\"2255fed\" data-element_type=\"column\">\n\t\t\t<div class=\"elementor-widget-wrap elementor-element-populated\">\n\t\t\t\t\t\t\t\t<div class=\"elementor-element elementor-element-c429c44 elementor-widget__width-auto elementor-widget elementor-widget-heading\" data-id=\"c429c44\" data-element_type=\"widget\" data-widget_type=\"heading.default\">\n\t\t\t\t<div class=\"elementor-widget-container\">\n\t\t\t<h2 class=\"elementor-heading-title elementor-size-default\">Blog<\/h2>\t\t<\/div>\n\t\t\t\t<\/div>\n\t\t\t\t<div class=\"elementor-element elementor-element-6fb9586 elementor-widget__width-auto elementor-widget elementor-widget-dce-searchfilter\" data-id=\"6fb9586\" data-element_type=\"widget\" data-widget_type=\"dce-searchfilter.default\">\n\t\t\t\t<div class=\"elementor-widget-container\">\n\t\t\t<form data-sf-form-id='542' data-is-rtl='0' data-maintain-state='' data-results-url='https:\/\/concepthouse.com.br\/blog' data-ajax-url='https:\/\/concepthouse.com.br\/blog?sf_data=results' data-ajax-form-url='https:\/\/concepthouse.com.br\/en\/?sfid=542&amp;sf_action=get_data&amp;sf_data=form' data-display-result-method='custom_dce_posts' data-use-history-api='1' data-template-loaded='0' data-lang-code='en' data-ajax='1' data-ajax-data-type='html' data-ajax-links-selector='.elementor-widget-dce-dynamicposts-v2.search-filter-results-542 .dce-pagination a' data-ajax-target='.elementor-widget-dce-dynamicposts-v2.search-filter-results-542' data-update-ajax-url='1' data-only-results-ajax='1' data-scroll-to-pos='0' data-init-paged='1' data-auto-update='1' action='https:\/\/concepthouse.com.br\/blog' method='post' class='searchandfilter' id='search-filter-form-542' autocomplete='off' data-instance-count='1'><ul><li class=\"sf-field-category\" data-sf-field-name=\"_sft_category\" data-sf-field-type=\"category\" data-sf-field-input-type=\"radio\">\t\t<ul class=\"\">\r\n\t\t\t\t\t  <li class=\"sf-level-0 sf-item-0 sf-option-active\" data-sf-count=\"0\" data-sf-depth=\"0\"><input  class=\"sf-input-radio\" type=\"radio\" value=\"\" name=\"_sft_category[]\" checked=\"checked\" id=\"sf-input-481f577da383e26cf579d9d54d20d486\"><label class=\"sf-label-radio\" for=\"sf-input-481f577da383e26cf579d9d54d20d486\">Todas<\/label><\/li><li class=\"sf-level-0 sf-item-1\" data-sf-count=\"3\" data-sf-depth=\"0\"><input  class=\"sf-input-radio\" type=\"radio\" value=\"nao-categorizado\" name=\"_sft_category[]\" id=\"sf-input-69a191890dc2a97180055a20827095e7\"><label class=\"sf-label-radio\" for=\"sf-input-69a191890dc2a97180055a20827095e7\">N\u00e3o categorizado<\/label><\/li>\t\t<\/ul>\r\n\t\t<\/li><\/ul><\/form>\t\t<\/div>\n\t\t\t\t<\/div>\n\t\t\t\t<section class=\"elementor-section elementor-inner-section elementor-element elementor-element-d8a6f06 elementor-section-boxed elementor-section-height-default elementor-section-height-default\" data-id=\"d8a6f06\" data-element_type=\"section\">\n\t\t\t\t\t\t<div class=\"elementor-container elementor-column-gap-default\">\n\t\t\t\t\t<div class=\"elementor-column elementor-col-100 elementor-inner-column elementor-element elementor-element-d1b0c84\" data-id=\"d1b0c84\" data-element_type=\"column\">\n\t\t\t<div class=\"elementor-widget-wrap elementor-element-populated\">\n\t\t\t\t\t\t\t\t<div class=\"dce-dynamic-posts-collection dce-fix-background-loop search-filter-results-542 elementor-element elementor-element-735682f dce-posts-layout-default dce-col-4 dce-col-tablet-3 dce-col-mobile-1 dce-align-left elementor-widget elementor-widget-dce-dynamicposts-v2\" data-id=\"735682f\" data-element_type=\"widget\" data-settings=\"{&quot;templatemode_linkable&quot;:&quot;yes&quot;,&quot;grid_match_height&quot;:&quot;yes&quot;,&quot;style_items&quot;:&quot;default&quot;,&quot;grid_grid_type&quot;:&quot;flex&quot;}\" data-widget_type=\"dce-dynamicposts-v2.grid\">\n\t\t\t\t<div class=\"elementor-widget-container\">\n\t\t\t\n\t\t<div class=\"dce-posts-container dce-posts  dce-skin-grid dce-skin-grid-flex\">\n\t\t\t\t\t\t<div class=\"dce-posts-wrapper dce-wrapper-grid\">\n\t\t\t\n\t\t<article class=\"post-1827 post type-post status-publish format-standard has-post-thumbnail hentry category-nao-categorizado dce-post dce-post-item dce-item-grid\" data-dce-post-id=\"1827\" data-dce-post-index=\"0\" data-post-link=\"https:\/\/concepthouse.com.br\/en\/4-tendencias-que-vao-transformar-sua-casa-em-2024\/\">\n\t\t\t<div class=\"dce-post-block\">\n\t\t<div class=\"dce-item dce-item_image elementor-repeater-item-520d65d\"><a class=\"dce-post-image dce-post-overlayimage dce-post-overlayhover\" href=\"https:\/\/concepthouse.com.br\/en\/4-tendencias-que-vao-transformar-sua-casa-em-2024\/\"><figure data-image-ratio=\"0.56\" class=\"dce-img\"><img loading=\"lazy\" decoding=\"async\" width=\"800\" height=\"534\" src=\"https:\/\/concepthouse.com.br\/wp-content\/uploads\/2024\/05\/110313260_10158105236944543_7481628525815716183_n.jpg\" class=\"\" alt=\"AS 4 TEND\u00caNCIAS QUE V\u00c3O TRANSFORMAR SUA CASA EM 2024!\" srcset=\"https:\/\/concepthouse.com.br\/wp-content\/uploads\/2024\/05\/110313260_10158105236944543_7481628525815716183_n.jpg 1024w, https:\/\/concepthouse.com.br\/wp-content\/uploads\/2024\/05\/110313260_10158105236944543_7481628525815716183_n-300x200.jpg 300w, https:\/\/concepthouse.com.br\/wp-content\/uploads\/2024\/05\/110313260_10158105236944543_7481628525815716183_n-768x512.jpg 768w\" sizes=\"(max-width: 800px) 100vw, 800px\" \/><\/figure><\/a><\/div><div class=\"dce-item dce-item_title elementor-repeater-item-bfa6167\"><div class=\"dce-post-title\"><a href=\"https:\/\/concepthouse.com.br\/en\/4-tendencias-que-vao-transformar-sua-casa-em-2024\/\">AS 4 TEND\u00caNCIAS QUE V\u00c3O TRANSFORMAR SUA CASA EM 2024!<\/a><\/div><\/div>\t\t\t<\/div>\n\t\t<\/article>\n\t\t\n\t\t<article class=\"post-1750 post type-post status-publish format-standard has-post-thumbnail hentry category-nao-categorizado tag-automacao-residencial tag-beneficios-da-automacao solution-automacao-residencial dce-post dce-post-item dce-item-grid\" data-dce-post-id=\"1750\" data-dce-post-index=\"1\" data-post-link=\"https:\/\/concepthouse.com.br\/en\/o-que-e-automacao-residencial\/\">\n\t\t\t<div class=\"dce-post-block\">\n\t\t<div class=\"dce-item dce-item_image elementor-repeater-item-520d65d\"><a class=\"dce-post-image dce-post-overlayimage dce-post-overlayhover\" href=\"https:\/\/concepthouse.com.br\/en\/o-que-e-automacao-residencial\/\"><figure data-image-ratio=\"0.56\" class=\"dce-img\"><img loading=\"lazy\" decoding=\"async\" width=\"800\" height=\"800\" src=\"https:\/\/concepthouse.com.br\/wp-content\/uploads\/2023\/08\/20230119_142851422_iOS-1024x1024.jpg\" class=\"\" alt=\"O QUE \u00c9 AUTOMA\u00c7\u00c3O RESIDENCIAL?\" srcset=\"https:\/\/concepthouse.com.br\/wp-content\/uploads\/2023\/08\/20230119_142851422_iOS-1024x1024.jpg 1024w, https:\/\/concepthouse.com.br\/wp-content\/uploads\/2023\/08\/20230119_142851422_iOS-300x300.jpg 300w, https:\/\/concepthouse.com.br\/wp-content\/uploads\/2023\/08\/20230119_142851422_iOS-150x150.jpg 150w, https:\/\/concepthouse.com.br\/wp-content\/uploads\/2023\/08\/20230119_142851422_iOS-768x768.jpg 768w, https:\/\/concepthouse.com.br\/wp-content\/uploads\/2023\/08\/20230119_142851422_iOS-1536x1536.jpg 1536w, https:\/\/concepthouse.com.br\/wp-content\/uploads\/2023\/08\/20230119_142851422_iOS-2048x2048.jpg 2048w\" sizes=\"(max-width: 800px) 100vw, 800px\" \/><\/figure><\/a><\/div><div class=\"dce-item dce-item_title elementor-repeater-item-bfa6167\"><div class=\"dce-post-title\"><a href=\"https:\/\/concepthouse.com.br\/en\/o-que-e-automacao-residencial\/\">O QUE \u00c9 AUTOMA\u00c7\u00c3O RESIDENCIAL?<\/a><\/div><\/div>\t\t\t<\/div>\n\t\t<\/article>\n\t\t\n\t\t<article class=\"post-1801 post type-post status-publish format-standard has-post-thumbnail hentry category-nao-categorizado dce-post dce-post-item dce-item-grid\" data-dce-post-id=\"1801\" data-dce-post-index=\"2\" data-post-link=\"https:\/\/concepthouse.com.br\/en\/3-motivos-para-ter-um-home-cinema-em-casa\/\">\n\t\t\t<div class=\"dce-post-block\">\n\t\t<div class=\"dce-item dce-item_image elementor-repeater-item-520d65d\"><a class=\"dce-post-image dce-post-overlayimage dce-post-overlayhover\" href=\"https:\/\/concepthouse.com.br\/en\/3-motivos-para-ter-um-home-cinema-em-casa\/\"><figure data-image-ratio=\"0.56\" class=\"dce-img\"><img loading=\"lazy\" decoding=\"async\" width=\"800\" height=\"534\" src=\"https:\/\/concepthouse.com.br\/wp-content\/uploads\/2023\/05\/CAPA-6-1024x683.jpg\" class=\"\" alt=\"3 MOTIVOS PARA TER UM HOME CINEMA EM CASA\" srcset=\"https:\/\/concepthouse.com.br\/wp-content\/uploads\/2023\/05\/CAPA-6-1024x683.jpg 1024w, https:\/\/concepthouse.com.br\/wp-content\/uploads\/2023\/05\/CAPA-6-300x200.jpg 300w, https:\/\/concepthouse.com.br\/wp-content\/uploads\/2023\/05\/CAPA-6-768x512.jpg 768w, https:\/\/concepthouse.com.br\/wp-content\/uploads\/2023\/05\/CAPA-6-1536x1025.jpg 1536w, https:\/\/concepthouse.com.br\/wp-content\/uploads\/2023\/05\/CAPA-6-2048x1366.jpg 2048w\" sizes=\"(max-width: 800px) 100vw, 800px\" \/><\/figure><\/a><\/div><div class=\"dce-item dce-item_title elementor-repeater-item-bfa6167\"><div class=\"dce-post-title\"><a href=\"https:\/\/concepthouse.com.br\/en\/3-motivos-para-ter-um-home-cinema-em-casa\/\">3 MOTIVOS PARA TER UM HOME CINEMA EM CASA<\/a><\/div><\/div>\t\t\t<\/div>\n\t\t<\/article>\n\t\t\n\t\t<article class=\"post-293 post type-post status-publish format-standard has-post-thumbnail hentry category-curiosidades solution-aspiracao-central solution-piso-aquecido dce-post dce-post-item dce-item-grid\" data-dce-post-id=\"293\" data-dce-post-index=\"3\" data-post-link=\"https:\/\/concepthouse.com.br\/en\/2-inovacoes-tecnologicas-para-trazer-saude-respiratoria-dentro-de-casa\/\">\n\t\t\t<div class=\"dce-post-block\">\n\t\t<div class=\"dce-item dce-item_image elementor-repeater-item-520d65d\"><a class=\"dce-post-image dce-post-overlayimage dce-post-overlayhover\" href=\"https:\/\/concepthouse.com.br\/en\/2-inovacoes-tecnologicas-para-trazer-saude-respiratoria-dentro-de-casa\/\"><figure data-image-ratio=\"0.56\" class=\"dce-img\"><img loading=\"lazy\" decoding=\"async\" width=\"797\" height=\"531\" src=\"https:\/\/concepthouse.com.br\/wp-content\/uploads\/2023\/03\/SAUDE-RESPIRATORIA.jpg\" class=\"\" alt=\"2 inova\u00e7\u00f5es tecnol\u00f3gicas para trazer sa\u00fade respirat\u00f3ria dentro de casa\" srcset=\"https:\/\/concepthouse.com.br\/wp-content\/uploads\/2023\/03\/SAUDE-RESPIRATORIA.jpg 797w, https:\/\/concepthouse.com.br\/wp-content\/uploads\/2023\/03\/SAUDE-RESPIRATORIA-300x200.jpg 300w, https:\/\/concepthouse.com.br\/wp-content\/uploads\/2023\/03\/SAUDE-RESPIRATORIA-768x512.jpg 768w\" sizes=\"(max-width: 797px) 100vw, 797px\" \/><\/figure><\/a><\/div><div class=\"dce-item dce-item_title elementor-repeater-item-bfa6167\"><div class=\"dce-post-title\"><a href=\"https:\/\/concepthouse.com.br\/en\/2-inovacoes-tecnologicas-para-trazer-saude-respiratoria-dentro-de-casa\/\">2 inova\u00e7\u00f5es tecnol\u00f3gicas para trazer sa\u00fade respirat\u00f3ria dentro de casa<\/a><\/div><\/div>\t\t\t<\/div>\n\t\t<\/article>\n\t\t\n\t\t<article class=\"post-290 post type-post status-publish format-standard has-post-thumbnail hentry category-dicas dce-post dce-post-item dce-item-grid\" data-dce-post-id=\"290\" data-dce-post-index=\"4\" data-post-link=\"https:\/\/concepthouse.com.br\/en\/melhore-sua-experiencia-na-hora-de-assistir-tv\/\">\n\t\t\t<div class=\"dce-post-block\">\n\t\t<div class=\"dce-item dce-item_image elementor-repeater-item-520d65d\"><a class=\"dce-post-image dce-post-overlayimage dce-post-overlayhover\" href=\"https:\/\/concepthouse.com.br\/en\/melhore-sua-experiencia-na-hora-de-assistir-tv\/\"><figure data-image-ratio=\"0.56\" class=\"dce-img\"><img loading=\"lazy\" decoding=\"async\" width=\"610\" height=\"1024\" src=\"https:\/\/concepthouse.com.br\/wp-content\/uploads\/2023\/03\/Soundbar-Foto-610x1024-1.png\" class=\"\" alt=\"Melhore sua experi\u00eancia na hora de assistir TV!\" srcset=\"https:\/\/concepthouse.com.br\/wp-content\/uploads\/2023\/03\/Soundbar-Foto-610x1024-1.png 610w, https:\/\/concepthouse.com.br\/wp-content\/uploads\/2023\/03\/Soundbar-Foto-610x1024-1-179x300.png 179w\" sizes=\"(max-width: 610px) 100vw, 610px\" \/><\/figure><\/a><\/div><div class=\"dce-item dce-item_title elementor-repeater-item-bfa6167\"><div class=\"dce-post-title\"><a href=\"https:\/\/concepthouse.com.br\/en\/melhore-sua-experiencia-na-hora-de-assistir-tv\/\">Melhore sua experi\u00eancia na hora de assistir TV!<\/a><\/div><\/div>\t\t\t<\/div>\n\t\t<\/article>\n\t\t\n\t\t<article class=\"post-287 post type-post status-publish format-standard has-post-thumbnail hentry category-dicas solution-flap-tv solution-mirror-tv dce-post dce-post-item dce-item-grid\" data-dce-post-id=\"287\" data-dce-post-index=\"5\" data-post-link=\"https:\/\/concepthouse.com.br\/en\/3-alternativas-para-nao-deixar-a-televisao-exposta\/\">\n\t\t\t<div class=\"dce-post-block\">\n\t\t<div class=\"dce-item dce-item_image elementor-repeater-item-520d65d\"><a class=\"dce-post-image dce-post-overlayimage dce-post-overlayhover\" href=\"https:\/\/concepthouse.com.br\/en\/3-alternativas-para-nao-deixar-a-televisao-exposta\/\"><figure data-image-ratio=\"0.56\" class=\"dce-img\"><img loading=\"lazy\" decoding=\"async\" width=\"800\" height=\"302\" src=\"https:\/\/concepthouse.com.br\/wp-content\/uploads\/2023\/03\/televisao-3-1-1024x386-1.webp\" class=\"\" alt=\"3 alternativas para n\u00e3o deixar a televis\u00e3o exposta\" srcset=\"https:\/\/concepthouse.com.br\/wp-content\/uploads\/2023\/03\/televisao-3-1-1024x386-1.webp 1024w, https:\/\/concepthouse.com.br\/wp-content\/uploads\/2023\/03\/televisao-3-1-1024x386-1-300x113.webp 300w, https:\/\/concepthouse.com.br\/wp-content\/uploads\/2023\/03\/televisao-3-1-1024x386-1-768x290.webp 768w\" sizes=\"(max-width: 800px) 100vw, 800px\" \/><\/figure><\/a><\/div><div class=\"dce-item dce-item_title elementor-repeater-item-bfa6167\"><div class=\"dce-post-title\"><a href=\"https:\/\/concepthouse.com.br\/en\/3-alternativas-para-nao-deixar-a-televisao-exposta\/\">3 alternativas para n\u00e3o deixar a televis\u00e3o exposta<\/a><\/div><\/div>\t\t\t<\/div>\n\t\t<\/article>\n\t\t\t\t\t<\/div>\n\t\t\t\t\t<\/div>\n\t\t<div class=\"dce-pagination dce-pagination-bottom\"><span class=\"progression\">1 \/ 1<\/span><\/div>\t\t<\/div>\n\t\t\t\t<\/div>\n\t\t\t\t\t<\/div>\n\t\t<\/div>\n\t\t\t\t\t\t\t<\/div>\n\t\t<\/section>\n\t\t\t\t\t<\/div>\n\t\t<\/div>\n\t\t\t\t\t\t\t<\/div>\n\t\t<\/section>\n\t\t\t\t\t\t\t<\/div>\n\t\t","protected":false},"excerpt":{"rendered":"<p>Blog Todas Curiosidades Dicas 2 inova\u00e7\u00f5es tecnol\u00f3gicas para trazer sa\u00fade respirat\u00f3ria dentro de casa Melhore sua experi\u00eancia na hora de assistir TV! 3 alternativas para n\u00e3o deixar a televis\u00e3o exposta 1 \/ 1<\/p>\n","protected":false},"author":1,"featured_media":0,"parent":0,"menu_order":0,"comment_status":"closed","ping_status":"closed","template":"","meta":{"om_disable_all_campaigns":false,"_monsterinsights_skip_tracking":false,"_monsterinsights_sitenote_active":false,"_monsterinsights_sitenote_note":"","_monsterinsights_sitenote_category":0,"_uf_show_specific_survey":0,"_uf_disable_surveys":false,"footnotes":""},"_links":{"self":[{"href":"https:\/\/concepthouse.com.br\/en\/wp-json\/wp\/v2\/pages\/163"}],"collection":[{"href":"https:\/\/concepthouse.com.br\/en\/wp-json\/wp\/v2\/pages"}],"about":[{"href":"https:\/\/concepthouse.com.br\/en\/wp-json\/wp\/v2\/types\/page"}],"author":[{"embeddable":true,"href":"https:\/\/concepthouse.com.br\/en\/wp-json\/wp\/v2\/users\/1"}],"replies":[{"embeddable":true,"href":"https:\/\/concepthouse.com.br\/en\/wp-json\/wp\/v2\/comments?post=163"}],"version-history":[{"count":0,"href":"https:\/\/concepthouse.com.br\/en\/wp-json\/wp\/v2\/pages\/163\/revisions"}],"wp:attachment":[{"href":"https:\/\/concepthouse.com.br\/en\/wp-json\/wp\/v2\/media?parent=163"}],"curies":[{"name":"wp","href":"https:\/\/api.w.org\/{rel}","templated":true}]}}